{"id":36,"date":"2020-10-12T15:45:49","date_gmt":"2020-10-12T15:45:49","guid":{"rendered":"https:\/\/fundacionpia.org\/?page_id=36"},"modified":"2024-01-11T21:06:19","modified_gmt":"2024-01-12T02:06:19","slug":"servicios","status":"publish","type":"page","link":"https:\/\/fundacionpia.org\/?page_id=36","title":{"rendered":"Servicios"},"content":{"rendered":"<p>[et_pb_section fb_built=&#8221;1&#8243; _builder_version=&#8221;4.16&#8243; _module_preset=&#8221;default&#8221; top_divider_flip=&#8221;vertical&#8221; da_disable_devices=&#8221;off|off|off&#8221; locked=&#8221;off&#8221; global_colors_info=&#8221;{}&#8221; da_is_popup=&#8221;off&#8221; da_exit_intent=&#8221;off&#8221; da_has_close=&#8221;on&#8221; da_alt_close=&#8221;off&#8221; da_dark_close=&#8221;off&#8221; da_not_modal=&#8221;on&#8221; da_is_singular=&#8221;off&#8221; da_with_loader=&#8221;off&#8221; da_has_shadow=&#8221;on&#8221;][et_pb_row column_structure=&#8221;1_3,1_3,1_3&#8243; _builder_version=&#8221;4.16&#8243; _module_preset=&#8221;default&#8221; global_colors_info=&#8221;{}&#8221;][et_pb_column type=&#8221;1_3&#8243; _builder_version=&#8221;4.16&#8243; _module_preset=&#8221;default&#8221; global_colors_info=&#8221;{}&#8221;][et_pb_blurb title=&#8221;Sesiones de Terapia En L\u00ednea&#8221; use_icon=&#8221;on&#8221; font_icon=&#8221;&#xf7f5;||fa||900&#8243; _builder_version=&#8221;4.21.0&#8243; _module_preset=&#8221;default&#8221; header_font=&#8221;|700||||on|||&#8221; header_text_align=&#8221;center&#8221; header_font_size=&#8221;20px&#8221; link_option_url=&#8221;https:\/\/fundacionpia.org\/?page_id=491&#8243; hover_enabled=&#8221;0&#8243; global_colors_info=&#8221;{}&#8221; sticky_enabled=&#8221;0&#8243;]<\/p>\n<p style=\"text-align: justify;\">Las sesiones de terapia online, tambi\u00e9n conocidas como teleterapia o telesalud, implican brindar servicios de salud mental de forma remota a trav\u00e9s de plataformas digitales.<br \/>La gran ventaja es la comodidad de conectarse desde cualquier parte del mundo.<\/p>\n<p>[\/et_pb_blurb][\/et_pb_column][et_pb_column type=&#8221;1_3&#8243; _builder_version=&#8221;4.16&#8243; _module_preset=&#8221;default&#8221; global_colors_info=&#8221;{}&#8221;][et_pb_blurb title=&#8221;Alcance Comunitario&#8221; use_icon=&#8221;on&#8221; font_icon=&#8221;&#xe08b;||divi||400&#8243; _builder_version=&#8221;4.16&#8243; _module_preset=&#8221;default&#8221; header_font=&#8221;|700||||on|||&#8221; header_text_align=&#8221;center&#8221; header_font_size=&#8221;20px&#8221; link_option_url=&#8221;https:\/\/fundacionpia.org\/?page_id=295&#8243; global_colors_info=&#8221;{}&#8221;]<\/p>\n<p style=\"text-align: justify;\">Creamos una infraestructura o un &#8220;sistema de atenci\u00f3n&#8221; con los recursos para abordar de manera efectiva la gama completa de problemas de trastornos mentales y uso de sustancias dentro de las comunidades. Este sistema brinda servicios individualizados, centrados en la persona y basados \u200b\u200ben las fortalezas dentro de una red autodefinida.<\/p>\n<p>[\/et_pb_blurb][\/et_pb_column][et_pb_column type=&#8221;1_3&#8243; _builder_version=&#8221;4.16&#8243; _module_preset=&#8221;default&#8221; global_colors_info=&#8221;{}&#8221;][et_pb_blurb title=&#8221;Capacitaci\u00f3n&#8221; use_icon=&#8221;on&#8221; font_icon=&#8221;&#xe072;||divi||400&#8243; _builder_version=&#8221;4.16&#8243; _module_preset=&#8221;default&#8221; header_font=&#8221;|700||||on|||&#8221; header_text_align=&#8221;center&#8221; header_font_size=&#8221;20px&#8221; body_line_height=&#8221;1.5em&#8221; link_option_url=&#8221;https:\/\/fundacionpia.org\/?page_id=331&#8243; global_colors_info=&#8221;{}&#8221;]<\/p>\n<p style=\"text-align: justify;\">Capacitaciones para profesionales y equipo t\u00e9cnico de atenci\u00f3n para personas con consumo problem\u00e1tico de drogas.<br \/>La Fundaci\u00f3n PIA proveer\u00e1 acceso a cursos de capacitaci\u00f3n profesional con material actualizado y basados en la evidencia cumpliendo con las necesidades particulares de cada persona, grupo o comunidad a nivel nacional.<\/p>\n<p>[\/et_pb_blurb][\/et_pb_column][\/et_pb_row][et_pb_row column_structure=&#8221;1_3,1_3,1_3&#8243; _builder_version=&#8221;4.21.0&#8243; _module_preset=&#8221;default&#8221; global_colors_info=&#8221;{}&#8221;][et_pb_column type=&#8221;1_3&#8243; _builder_version=&#8221;4.21.0&#8243; _module_preset=&#8221;default&#8221; global_colors_info=&#8221;{}&#8221;][et_pb_blurb title=&#8221;Programas de Prevenci\u00f3n y Tratamiento&#8221; use_icon=&#8221;on&#8221; font_icon=&#8221;&#xe077;||divi||400&#8243; _builder_version=&#8221;4.16&#8243; _module_preset=&#8221;default&#8221; header_font=&#8221;|700||||on|||&#8221; header_text_align=&#8221;center&#8221; header_font_size=&#8221;20px&#8221; link_option_url=&#8221;https:\/\/fundacionpia.org\/?page_id=133&#8243; global_colors_info=&#8221;{}&#8221;]<\/p>\n<p style=\"text-align: justify;\">La Fundaci\u00f3n PIA, en l\u00ednea con nuestra misi\u00f3n y prop\u00f3sito, establece centros de ayuda mutua y centros especializados de tratamiento para el mejoramiento de la salud psicol\u00f3gica y espiritual.<\/p>\n<p>[\/et_pb_blurb][\/et_pb_column][et_pb_column type=&#8221;1_3&#8243; _builder_version=&#8221;4.21.0&#8243; _module_preset=&#8221;default&#8221; global_colors_info=&#8221;{}&#8221;][et_pb_blurb title=&#8221;Talleres Para Familias&#8221; use_icon=&#8221;on&#8221; font_icon=&#8221;&#xe074;||divi||400&#8243; _builder_version=&#8221;4.21.0&#8243; _module_preset=&#8221;default&#8221; header_font=&#8221;|700||||on|||&#8221; header_text_align=&#8221;center&#8221; header_font_size=&#8221;20px&#8221; link_option_url=&#8221;https:\/\/fundacionpia.org\/?page_id=377&#8243; locked=&#8221;off&#8221; global_colors_info=&#8221;{}&#8221; admin_label=&#8221;Blurb&#8221;]<\/p>\n<p style=\"text-align: justify;\">Dise\u00f1ado para aumentar las probabilidades de que el usuario de sustancias que se niega al tratamiento ingrese al tratamiento, as\u00ed como para mejorar las vidas de los miembros de la familia en cuesti\u00f3n<\/p>\n<p>[\/et_pb_blurb][\/et_pb_column][et_pb_column type=&#8221;1_3&#8243; _builder_version=&#8221;4.21.0&#8243; _module_preset=&#8221;default&#8221; global_colors_info=&#8221;{}&#8221;][et_pb_blurb title=&#8221;Talleres Para Empresas&#8221; use_icon=&#8221;on&#8221; font_icon=&#8221;&#xe0fd;||divi||400&#8243; _builder_version=&#8221;4.21.0&#8243; _module_preset=&#8221;default&#8221; header_font=&#8221;|700||||on|||&#8221; header_text_align=&#8221;center&#8221; header_font_size=&#8221;20px&#8221; link_option_url=&#8221;https:\/\/fundacionpia.org\/?page_id=356&#8243; locked=&#8221;off&#8221; global_colors_info=&#8221;{}&#8221;]<\/p>\n<p style=\"text-align: justify;\">Las empresas y corporaciones que se preocupan por las personas que trabajan all\u00ed\u00a0y\u00a0quieren que se comprometan con la empresa y se encuentren a gusto en ella, suelen centrar la asesor\u00eda de estas herramientas en puntos clave del d\u00eda a d\u00eda.<\/p>\n<p>[\/et_pb_blurb][\/et_pb_column][\/et_pb_row][\/et_pb_section]<\/p>\n","protected":false},"excerpt":{"rendered":"<p>Las sesiones de terapia online, tambi\u00e9n conocidas como teleterapia o telesalud, implican brindar servicios de salud mental de forma remota a trav\u00e9s de plataformas digitales.La gran ventaja es la comodidad de conectarse desde cualquier parte del mundo.Creamos una infraestructura o un &#8220;sistema de atenci\u00f3n&#8221; con los recursos para abordar de manera efectiva la gama completa [&hellip;]<\/p>\n","protected":false},"author":1,"featured_media":0,"parent":0,"menu_order":0,"comment_status":"closed","ping_status":"closed","template":"","meta":{"_et_pb_use_builder":"on","_et_pb_old_content":"","_et_gb_content_width":"","footnotes":""},"class_list":["post-36","page","type-page","status-publish","hentry"],"_links":{"self":[{"href":"https:\/\/fundacionpia.org\/index.php?rest_route=\/wp\/v2\/pages\/36","targetHints":{"allow":["GET"]}}],"collection":[{"href":"https:\/\/fundacionpia.org\/index.php?rest_route=\/wp\/v2\/pages"}],"about":[{"href":"https:\/\/fundacionpia.org\/index.php?rest_route=\/wp\/v2\/types\/page"}],"author":[{"embeddable":true,"href":"https:\/\/fundacionpia.org\/index.php?rest_route=\/wp\/v2\/users\/1"}],"replies":[{"embeddable":true,"href":"https:\/\/fundacionpia.org\/index.php?rest_route=%2Fwp%2Fv2%2Fcomments&post=36"}],"version-history":[{"count":9,"href":"https:\/\/fundacionpia.org\/index.php?rest_route=\/wp\/v2\/pages\/36\/revisions"}],"predecessor-version":[{"id":499,"href":"https:\/\/fundacionpia.org\/index.php?rest_route=\/wp\/v2\/pages\/36\/revisions\/499"}],"wp:attachment":[{"href":"https:\/\/fundacionpia.org\/index.php?rest_route=%2Fwp%2Fv2%2Fmedia&parent=36"}],"curies":[{"name":"wp","href":"https:\/\/api.w.org\/{rel}","templated":true}]}}