{"id":155,"date":"2021-06-08T15:54:35","date_gmt":"2021-06-08T20:54:35","guid":{"rendered":"https:\/\/fundacionpia.org\/?page_id=155"},"modified":"2023-05-08T16:06:00","modified_gmt":"2023-05-08T21:06:00","slug":"inicio_01","status":"publish","type":"page","link":"https:\/\/fundacionpia.org\/","title":{"rendered":"Inicio_01"},"content":{"rendered":"<p>[et_pb_section fb_built=&#8221;1&#8243; _builder_version=&#8221;4.9.4&#8243; _module_preset=&#8221;default&#8221; background_video_mp4=&#8221;https:\/\/fundacionpia.org\/wp-content\/uploads\/2021\/06\/main_video_reenc_2.mp4&#8243; width=&#8221;100%&#8221; height=&#8221;550px&#8221; bottom_divider_style=&#8221;waves2&#8243; bottom_divider_color=&#8221;#0C46C4&#8243; da_disable_devices=&#8221;off|off|off&#8221; global_colors_info=&#8221;{}&#8221; da_is_popup=&#8221;off&#8221; da_exit_intent=&#8221;off&#8221; da_has_close=&#8221;on&#8221; da_alt_close=&#8221;off&#8221; da_dark_close=&#8221;off&#8221; da_not_modal=&#8221;on&#8221; da_is_singular=&#8221;off&#8221; da_with_loader=&#8221;off&#8221; da_has_shadow=&#8221;on&#8221;][et_pb_row column_structure=&#8221;1_3,2_3&#8243; _builder_version=&#8221;4.9.4&#8243; _module_preset=&#8221;default&#8221; global_colors_info=&#8221;{}&#8221;][et_pb_column type=&#8221;1_3&#8243; _builder_version=&#8221;4.9.4&#8243; _module_preset=&#8221;default&#8221; global_colors_info=&#8221;{}&#8221;][\/et_pb_column][et_pb_column type=&#8221;2_3&#8243; _builder_version=&#8221;4.9.4&#8243; _module_preset=&#8221;default&#8221; global_colors_info=&#8221;{}&#8221;][\/et_pb_column][\/et_pb_row][\/et_pb_section][et_pb_section fb_built=&#8221;1&#8243; next_background_color=&#8221;#ffffff&#8221; _builder_version=&#8221;4.9.4&#8243; _module_preset=&#8221;default&#8221; background_color=&#8221;#0C46C4&#8243; custom_padding=&#8221;10px||70px||false|false&#8221; bottom_divider_style=&#8221;arrow3&#8243; bottom_divider_height=&#8221;60px&#8221; da_disable_devices=&#8221;off|off|off&#8221; global_colors_info=&#8221;{}&#8221; da_is_popup=&#8221;off&#8221; da_exit_intent=&#8221;off&#8221; da_has_close=&#8221;on&#8221; da_alt_close=&#8221;off&#8221; da_dark_close=&#8221;off&#8221; da_not_modal=&#8221;on&#8221; da_is_singular=&#8221;off&#8221; da_with_loader=&#8221;off&#8221; da_has_shadow=&#8221;on&#8221;][et_pb_row column_structure=&#8221;1_3,2_3&#8243; use_custom_gutter=&#8221;on&#8221; gutter_width=&#8221;1&#8243; _builder_version=&#8221;4.9.4&#8243; _module_preset=&#8221;default&#8221; border_width_right=&#8221;12px&#8221; border_color_right=&#8221;#FFFFFF&#8221; global_colors_info=&#8221;{}&#8221;][et_pb_column type=&#8221;1_3&#8243; _builder_version=&#8221;4.9.4&#8243; _module_preset=&#8221;default&#8221; global_colors_info=&#8221;{}&#8221;][et_pb_image src=&#8221;https:\/\/fundacionpia.org\/wp-content\/uploads\/2022\/02\/Piedad-Alarcon.jpg&#8221; title_text=&#8221;Piedad Alarcon&#8221; align=&#8221;center&#8221; _builder_version=&#8221;4.14.7&#8243; _module_preset=&#8221;default&#8221; transform_rotate=&#8221;0deg|0deg|350deg&#8221; width=&#8221;75%&#8221; filter_saturate=&#8221;0%&#8221; filter_brightness=&#8221;122%&#8221; filter_contrast=&#8221;125%&#8221; border_width_all=&#8221;10px&#8221; border_color_all=&#8221;#D6D6D6&#8243; box_shadow_style=&#8221;preset4&#8243; global_colors_info=&#8221;{}&#8221; box_shadow_color__hover_enabled=&#8221;off|desktop&#8221;][\/et_pb_image][\/et_pb_column][et_pb_column type=&#8221;2_3&#8243; _builder_version=&#8221;4.9.4&#8243; _module_preset=&#8221;default&#8221; global_colors_info=&#8221;{}&#8221;][et_pb_text _builder_version=&#8221;4.9.4&#8243; _module_preset=&#8221;default&#8221; text_font=&#8221;Alegreya||||||||&#8221; text_text_color=&#8221;#FFFFFF&#8221; text_font_size=&#8221;18px&#8221; text_orientation=&#8221;justified&#8221; custom_padding=&#8221;|15px||15px|false|false&#8221; global_colors_info=&#8221;{}&#8221;]<\/p>\n<p>&nbsp;<\/p>\n<p>La Fundaci\u00f3n PIA nace del amor incondicional, perseverancia y fe de una Madre preocupada por la salud mental, f\u00edsica y espiritual de su hijo.<\/p>\n<p>No sabiendo lo que estaba sucediendo con su hijo acudi\u00f3 a varios recursos que hab\u00eda disponibles en su tiempo, psicolog\u00eda, polic\u00eda y la iglesia. Lo \u00fanico constante que ayud\u00f3 a su hijo a sobrellevar esta condici\u00f3n por 18 a\u00f1os fue la fe y entrega de esa Madre.<\/p>\n<p>Es con estos valores, principios, la experiencia vivida y el conocimiento de c\u00f3mo prevenir, apoyar y tratar las enfermedades mentales, que la fundaci\u00f3n nace para ayudar a toda persona afectada a alcanzar un estado de bienestar.<\/p>\n<p>[\/et_pb_text][et_pb_button button_url=&#8221;https:\/\/fundacionpia.org\/?page_id=46&#8243; button_text=&#8221;Conocer m\u00e1s&#8230;&#8221; button_alignment=&#8221;right&#8221; _builder_version=&#8221;4.14.7&#8243; _module_preset=&#8221;default&#8221; custom_button=&#8221;on&#8221; button_text_size=&#8221;14px&#8221; button_text_color=&#8221;#A3A3A3&#8243; button_border_radius=&#8221;5px&#8221; button_use_icon=&#8221;off&#8221; background_layout=&#8221;dark&#8221; box_shadow_style=&#8221;preset3&#8243; global_colors_info=&#8221;{}&#8221;][\/et_pb_button][\/et_pb_column][\/et_pb_row][\/et_pb_section][et_pb_section fb_built=&#8221;1&#8243; _builder_version=&#8221;4.14.7&#8243; _module_preset=&#8221;default&#8221; top_divider_flip=&#8221;vertical&#8221; da_disable_devices=&#8221;off|off|off&#8221; global_colors_info=&#8221;{}&#8221; da_is_popup=&#8221;off&#8221; da_exit_intent=&#8221;off&#8221; da_has_close=&#8221;on&#8221; da_alt_close=&#8221;off&#8221; da_dark_close=&#8221;off&#8221; da_not_modal=&#8221;on&#8221; da_is_singular=&#8221;off&#8221; da_with_loader=&#8221;off&#8221; da_has_shadow=&#8221;on&#8221;][et_pb_row column_structure=&#8221;1_3,1_3,1_3&#8243; _builder_version=&#8221;4.9.4&#8243; _module_preset=&#8221;default&#8221; global_colors_info=&#8221;{}&#8221;][et_pb_column type=&#8221;1_3&#8243; _builder_version=&#8221;4.14.7&#8243; _module_preset=&#8221;default&#8221; global_colors_info=&#8221;{}&#8221;][et_pb_blurb title=&#8221;Alcance Comunitario&#8221; use_icon=&#8221;on&#8221; font_icon=&#8221;&#xe08b;||divi||400&#8243; _builder_version=&#8221;4.14.7&#8243; _module_preset=&#8221;default&#8221; header_font=&#8221;|700||||on|||&#8221; header_text_align=&#8221;center&#8221; header_font_size=&#8221;20px&#8221; link_option_url=&#8221;https:\/\/fundacionpia.org\/?page_id=295&#8243; global_colors_info=&#8221;{}&#8221;]<\/p>\n<p style=\"text-align: justify;\">Creamos una infraestructura o un &#8220;sistema de atenci\u00f3n&#8221; con los recursos para abordar de manera efectiva la gama completa de problemas de trastornos mentales y uso de sustancias dentro de las comunidades. Este sistema brinda servicios individualizados, centrados en la persona y basados \u200b\u200ben las fortalezas dentro de una red autodefinida.<\/p>\n<p>[\/et_pb_blurb][\/et_pb_column][et_pb_column type=&#8221;1_3&#8243; _builder_version=&#8221;4.9.4&#8243; _module_preset=&#8221;default&#8221; global_colors_info=&#8221;{}&#8221;][et_pb_blurb title=&#8221;Capacitaci\u00f3n&#8221; use_icon=&#8221;on&#8221; font_icon=&#8221;&#xe072;||divi||400&#8243; _builder_version=&#8221;4.14.7&#8243; _module_preset=&#8221;default&#8221; header_font=&#8221;|700||||on|||&#8221; header_text_align=&#8221;center&#8221; header_font_size=&#8221;20px&#8221; body_line_height=&#8221;1.5em&#8221; link_option_url=&#8221;https:\/\/fundacionpia.org\/?page_id=331&#8243; global_colors_info=&#8221;{}&#8221;]<\/p>\n<p style=\"text-align: justify;\">Capacitaciones para profesionales y equipo t\u00e9cnico de atenci\u00f3n para personas con consumo problem\u00e1tico de drogas.<br \/>La Fundaci\u00f3n PIA proveer\u00e1 acceso a cursos de capacitaci\u00f3n profesional con material actualizado y basados en la evidencia cumpliendo con las necesidades particulares de cada persona, grupo o comunidad a nivel nacional.<\/p>\n<p>[\/et_pb_blurb][\/et_pb_column][et_pb_column type=&#8221;1_3&#8243; _builder_version=&#8221;4.9.4&#8243; _module_preset=&#8221;default&#8221; global_colors_info=&#8221;{}&#8221;][et_pb_blurb title=&#8221;Programas de Prevenci\u00f3n y Tratamiento&#8221; use_icon=&#8221;on&#8221; font_icon=&#8221;&#xe077;||divi||400&#8243; _builder_version=&#8221;4.14.7&#8243; _module_preset=&#8221;default&#8221; header_font=&#8221;|700||||on|||&#8221; header_text_align=&#8221;center&#8221; header_font_size=&#8221;20px&#8221; link_option_url=&#8221;https:\/\/fundacionpia.org\/?page_id=133&#8243; global_colors_info=&#8221;{}&#8221;]<\/p>\n<p style=\"text-align: justify;\">La Fundaci\u00f3n PIA, en l\u00ednea con nuestra misi\u00f3n y prop\u00f3sito, establece centros de ayuda mutua y centros especializados de tratamiento para el mejoramiento de la salud psicol\u00f3gica y espiritual.<\/p>\n<p>[\/et_pb_blurb][\/et_pb_column][\/et_pb_row][\/et_pb_section][et_pb_section fb_built=&#8221;1&#8243; admin_label=&#8221;Popup &#8211; #Donacion&#8221; module_id=&#8221;Donacion&#8221; module_class=&#8221;popup&#8221; _builder_version=&#8221;4.14.7&#8243; _module_preset=&#8221;default&#8221; background_color=&#8221;rgba(12,70,196,0.65)&#8221; da_is_popup=&#8221;on&#8221; da_popup_slug=&#8221;Donacion&#8221; da_disable_devices=&#8221;off|off|off&#8221; global_module=&#8221;458&#8243; global_colors_info=&#8221;{}&#8221; da_exit_intent=&#8221;off&#8221; da_has_close=&#8221;on&#8221; da_alt_close=&#8221;off&#8221; da_dark_close=&#8221;off&#8221; da_not_modal=&#8221;on&#8221; da_is_singular=&#8221;off&#8221; da_with_loader=&#8221;off&#8221; da_has_shadow=&#8221;on&#8221;][et_pb_row _builder_version=&#8221;4.14.7&#8243; _module_preset=&#8221;default&#8221; global_colors_info=&#8221;{}&#8221;][et_pb_column type=&#8221;4_4&#8243; _builder_version=&#8221;4.14.7&#8243; _module_preset=&#8221;default&#8221; global_colors_info=&#8221;{}&#8221;][et_pb_text _builder_version=&#8221;4.14.7&#8243; _module_preset=&#8221;default&#8221; header_3_text_color=&#8221;#FFFFFF&#8221; global_colors_info=&#8221;{}&#8221;]<\/p>\n<h3>Fundaci\u00f3n P\u00eda es una organizaci\u00f3n que requiere constantanemente de colaboraci\u00f3n econ\u00f3mica para solventar sus necesidades opertivas&#8230;<\/h3>\n<h3 style=\"text-align: justify;\">Agradecemos su inter\u00e9s en apoyar financieramente a nuestra Fundaci\u00f3n, y le solicitamos llenar este formulario. Posteriormente Ud. recibir\u00e1 un email con los detalles pertinentes de c\u00f3mo realizar la donaci\u00f3n.<\/h3>\n<p>[\/et_pb_text][et_pb_contact_form email=&#8221;sistemas@fundacionpia.org&#8221; title=&#8221;Formulario de Propuesta para Donaci\u00f3n&#8221; custom_message=&#8221;Nueva Propuesta:||et_pb_line_break_holder||||et_pb_line_break_holder||Nombre: %%Name%%||et_pb_line_break_holder||Email: %%Email%%||et_pb_line_break_holder||Monto a Donar: %%Monto%%||et_pb_line_break_holder||&#8221; use_redirect=&#8221;on&#8221; redirect_url=&#8221;https:\/\/fundacionpia.org&#8221; success_message=&#8221;Muhas Gracias por su propuesta de donaci\u00f3n&#8221; submit_button_text=&#8221;Enviar Propuesta&#8221; _builder_version=&#8221;4.14.7&#8243; _module_preset=&#8221;default&#8221; _unique_id=&#8221;89c08666-4cd4-4c6b-9e2a-320fca12fa43&#8243; title_text_align=&#8221;center&#8221; title_text_color=&#8221;#0C46C4&#8243; background_color=&#8221;#FFFFFF&#8221; global_colors_info=&#8221;{}&#8221;][et_pb_contact_field field_id=&#8221;Name&#8221; field_title=&#8221;Nombre Completo&#8221; allowed_symbols=&#8221;letters&#8221; _builder_version=&#8221;4.14.7&#8243; global_colors_info=&#8221;{}&#8221; button_text_size__hover_enabled=&#8221;off&#8221; button_one_text_size__hover_enabled=&#8221;off&#8221; button_two_text_size__hover_enabled=&#8221;off&#8221; button_text_color__hover_enabled=&#8221;off&#8221; button_one_text_color__hover_enabled=&#8221;off&#8221; button_two_text_color__hover_enabled=&#8221;off&#8221; button_border_width__hover_enabled=&#8221;off&#8221; button_one_border_width__hover_enabled=&#8221;off&#8221; button_two_border_width__hover_enabled=&#8221;off&#8221; button_border_color__hover_enabled=&#8221;off&#8221; button_one_border_color__hover_enabled=&#8221;off&#8221; button_two_border_color__hover_enabled=&#8221;off&#8221; button_border_radius__hover_enabled=&#8221;off&#8221; button_one_border_radius__hover_enabled=&#8221;off&#8221; button_two_border_radius__hover_enabled=&#8221;off&#8221; button_letter_spacing__hover_enabled=&#8221;off&#8221; button_one_letter_spacing__hover_enabled=&#8221;off&#8221; button_two_letter_spacing__hover_enabled=&#8221;off&#8221; button_bg_color__hover_enabled=&#8221;off&#8221; button_one_bg_color__hover_enabled=&#8221;off&#8221; button_two_bg_color__hover_enabled=&#8221;off&#8221;][\/et_pb_contact_field][et_pb_contact_field field_id=&#8221;Email&#8221; field_title=&#8221;Email Address&#8221; field_type=&#8221;email&#8221; _builder_version=&#8221;3.16&#8243; global_colors_info=&#8221;{}&#8221; button_text_size__hover_enabled=&#8221;off&#8221; button_one_text_size__hover_enabled=&#8221;off&#8221; button_two_text_size__hover_enabled=&#8221;off&#8221; button_text_color__hover_enabled=&#8221;off&#8221; button_one_text_color__hover_enabled=&#8221;off&#8221; button_two_text_color__hover_enabled=&#8221;off&#8221; button_border_width__hover_enabled=&#8221;off&#8221; button_one_border_width__hover_enabled=&#8221;off&#8221; button_two_border_width__hover_enabled=&#8221;off&#8221; button_border_color__hover_enabled=&#8221;off&#8221; button_one_border_color__hover_enabled=&#8221;off&#8221; button_two_border_color__hover_enabled=&#8221;off&#8221; button_border_radius__hover_enabled=&#8221;off&#8221; button_one_border_radius__hover_enabled=&#8221;off&#8221; button_two_border_radius__hover_enabled=&#8221;off&#8221; button_letter_spacing__hover_enabled=&#8221;off&#8221; button_one_letter_spacing__hover_enabled=&#8221;off&#8221; button_two_letter_spacing__hover_enabled=&#8221;off&#8221; button_bg_color__hover_enabled=&#8221;off&#8221; button_one_bg_color__hover_enabled=&#8221;off&#8221; button_two_bg_color__hover_enabled=&#8221;off&#8221;][\/et_pb_contact_field][et_pb_contact_field field_id=&#8221;Monto&#8221; field_title=&#8221;Monto a Donar&#8221; allowed_symbols=&#8221;numbers&#8221; fullwidth_field=&#8221;on&#8221; _builder_version=&#8221;4.14.7&#8243; _module_preset=&#8221;default&#8221; global_colors_info=&#8221;{}&#8221;][\/et_pb_contact_field][et_pb_contact_field field_id=&#8221;Message&#8221; field_title=&#8221;Message&#8221; field_type=&#8221;text&#8221; fullwidth_field=&#8221;on&#8221; _builder_version=&#8221;3.16&#8243; global_colors_info=&#8221;{}&#8221; button_text_size__hover_enabled=&#8221;off&#8221; button_one_text_size__hover_enabled=&#8221;off&#8221; button_two_text_size__hover_enabled=&#8221;off&#8221; button_text_color__hover_enabled=&#8221;off&#8221; button_one_text_color__hover_enabled=&#8221;off&#8221; button_two_text_color__hover_enabled=&#8221;off&#8221; button_border_width__hover_enabled=&#8221;off&#8221; button_one_border_width__hover_enabled=&#8221;off&#8221; button_two_border_width__hover_enabled=&#8221;off&#8221; button_border_color__hover_enabled=&#8221;off&#8221; button_one_border_color__hover_enabled=&#8221;off&#8221; button_two_border_color__hover_enabled=&#8221;off&#8221; button_border_radius__hover_enabled=&#8221;off&#8221; button_one_border_radius__hover_enabled=&#8221;off&#8221; button_two_border_radius__hover_enabled=&#8221;off&#8221; button_letter_spacing__hover_enabled=&#8221;off&#8221; button_one_letter_spacing__hover_enabled=&#8221;off&#8221; button_two_letter_spacing__hover_enabled=&#8221;off&#8221; button_bg_color__hover_enabled=&#8221;off&#8221; button_one_bg_color__hover_enabled=&#8221;off&#8221; button_two_bg_color__hover_enabled=&#8221;off&#8221;][\/et_pb_contact_field][\/et_pb_contact_form][\/et_pb_column][\/et_pb_row][\/et_pb_section]<\/p>\n","protected":false},"excerpt":{"rendered":"<p>&nbsp; La Fundaci\u00f3n PIA nace del amor incondicional, perseverancia y fe de una Madre preocupada por la salud mental, f\u00edsica y espiritual de su hijo. No sabiendo lo que estaba sucediendo con su hijo acudi\u00f3 a varios recursos que hab\u00eda disponibles en su tiempo, psicolog\u00eda, polic\u00eda y la iglesia. Lo \u00fanico constante que ayud\u00f3 a [&hellip;]<\/p>\n","protected":false},"author":1,"featured_media":0,"parent":0,"menu_order":0,"comment_status":"closed","ping_status":"closed","template":"","meta":{"_et_pb_use_builder":"on","_et_pb_old_content":"","_et_gb_content_width":"","footnotes":""},"class_list":["post-155","page","type-page","status-publish","hentry"],"_links":{"self":[{"href":"https:\/\/fundacionpia.org\/index.php?rest_route=\/wp\/v2\/pages\/155","targetHints":{"allow":["GET"]}}],"collection":[{"href":"https:\/\/fundacionpia.org\/index.php?rest_route=\/wp\/v2\/pages"}],"about":[{"href":"https:\/\/fundacionpia.org\/index.php?rest_route=\/wp\/v2\/types\/page"}],"author":[{"embeddable":true,"href":"https:\/\/fundacionpia.org\/index.php?rest_route=\/wp\/v2\/users\/1"}],"replies":[{"embeddable":true,"href":"https:\/\/fundacionpia.org\/index.php?rest_route=%2Fwp%2Fv2%2Fcomments&post=155"}],"version-history":[{"count":36,"href":"https:\/\/fundacionpia.org\/index.php?rest_route=\/wp\/v2\/pages\/155\/revisions"}],"predecessor-version":[{"id":462,"href":"https:\/\/fundacionpia.org\/index.php?rest_route=\/wp\/v2\/pages\/155\/revisions\/462"}],"wp:attachment":[{"href":"https:\/\/fundacionpia.org\/index.php?rest_route=%2Fwp%2Fv2%2Fmedia&parent=155"}],"curies":[{"name":"wp","href":"https:\/\/api.w.org\/{rel}","templated":true}]}}